{"id":390,"date":"2022-02-13T16:57:57","date_gmt":"2022-02-13T16:57:57","guid":{"rendered":"http:\/\/localhost\/a-listware\/?page_id=390"},"modified":"2022-05-24T20:46:00","modified_gmt":"2022-05-24T20:46:00","slug":"privacy-policy","status":"publish","type":"page","link":"https:\/\/a-listware.com\/fr\/privacy-policy","title":{"rendered":"Politique de confidentialit\u00e9"},"content":{"rendered":"<h2>\u00c0 propos de cette politique<\/h2>\n<p>La pr\u00e9sente politique de confidentialit\u00e9 d\u00e9crit la mani\u00e8re dont la soci\u00e9t\u00e9 A-listware traite vos informations personnelles.<br \/>\nSi vous avez des questions ou si vous souhaitez demander l'acc\u00e8s ou la rectification de vos donn\u00e9es personnelles dans nos dossiers, n'h\u00e9sitez pas \u00e0 nous contacter \u00e0 l'adresse info@a-listware.com.<\/p>\n<p>Vous avez le droit de d\u00e9poser une plainte aupr\u00e8s des autorit\u00e9s comp\u00e9tentes en mati\u00e8re de protection des donn\u00e9es en cas de pr\u00e9occupations concernant le traitement de vos donn\u00e9es personnelles.<\/p>\n<h2>Finalit\u00e9 de la collecte des donn\u00e9es \u00e0 caract\u00e8re personnel<\/h2>\n<p>Nous avons besoin de vos informations personnelles pour vous recontacter et vous envoyer des courriers marketing occasionnels, tels que des bulletins d'information, des livres blancs, des \u00e9tudes de cas sur nos services professionnels, si cela vous int\u00e9resse. Nous ne pouvons le faire qu'avec votre consentement.<\/p>\n<h2>Cat\u00e9gories de donn\u00e9es \u00e0 caract\u00e8re personnel<\/h2>\n<p>Les seules cat\u00e9gories de donn\u00e9es \u00e0 caract\u00e8re personnel que nous traiterons sont vos nom et pr\u00e9nom, votre adresse \u00e9lectronique professionnelle ou personnelle, votre num\u00e9ro de t\u00e9l\u00e9phone, votre identifiant Skype, le nom de votre entreprise et votre fonction.<\/p>\n<p>Si vous postulez \u00e0 un poste vacant ou si vous souhaitez recevoir en permanence des informations sur nos postes vacants, nous vous demanderons des donn\u00e9es personnelles suppl\u00e9mentaires telles que votre curriculum vitae (ant\u00e9c\u00e9dents professionnels et comp\u00e9tences), votre adresse personnelle et votre date de naissance. Ces informations sont n\u00e9cessaires pour \u00e9valuer vos comp\u00e9tences et effectuer d'autres activit\u00e9s de recrutement.<\/p>\n<p>Vos informations seront prot\u00e9g\u00e9es par un syst\u00e8me de s\u00e9curit\u00e9 de l'information.<\/p>\n<h2>M\u00e9canismes de plainte<\/h2>\n<p>Vous pouvez vous opposer \u00e0 la r\u00e9ception de nos messages. Si vous vous opposez \u00e0 la r\u00e9ception de nos messages de marketing ou de recrutement, vous pouvez vous d\u00e9sinscrire de ce service d'information ou demander \u00e0 notre soci\u00e9t\u00e9 de supprimer vos donn\u00e9es de nos syst\u00e8mes. Vous ne recevrez alors plus de correspondance de notre part.<\/p>\n<p>Si vous choisissez de retirer votre consentement au traitement des donn\u00e9es personnelles, vous pouvez le faire \u00e0 tout moment en envoyant un courrier \u00e9lectronique \u00e0 info@a-listware.com pour lui faire part de votre intention. Vos donn\u00e9es personnelles seront alors supprim\u00e9es.<\/p>\n<p>Vous pouvez exercer votre droit de restreindre le traitement si vous estimez que vos donn\u00e9es \u00e0 caract\u00e8re personnel sont inexactes ou ne peuvent \u00eatre trait\u00e9es en raison de l'int\u00e9r\u00eat l\u00e9gitime susmentionn\u00e9 ; si le traitement est effectu\u00e9 ill\u00e9galement ou si les donn\u00e9es doivent \u00eatre conserv\u00e9es pour une action en justice.<\/p>\n<p>Si vous ne fournissez pas ces donn\u00e9es personnelles, nous ne pourrons pas vous fournir les informations demand\u00e9es.<\/p>\n<p>Le traitement n'implique pas de prise de d\u00e9cision automatis\u00e9e.<\/p>\n<p>Vous avez le droit de recevoir vos donn\u00e9es dans un format portable. Contactez info@a-listware.com si vous avez cette intention.<\/p>","protected":false},"excerpt":{"rendered":"<p>About this Policy This Privacy Policy describes how A-listware company handles your personal information. If you have any questions or would like to request access to or rectification of your personal data in our records, feel free to contact us at info@a-listware.com. You have the right to file a complaint regarding concerns about how your [&hellip;]<\/p>\n","protected":false},"author":5,"featured_media":0,"parent":0,"menu_order":0,"comment_status":"closed","ping_status":"closed","template":"","meta":{"footnotes":""},"class_list":["post-390","page","type-page","status-publish","hentry"],"acf":[],"_links":{"self":[{"href":"https:\/\/a-listware.com\/fr\/wp-json\/wp\/v2\/pages\/390","targetHints":{"allow":["GET"]}}],"collection":[{"href":"https:\/\/a-listware.com\/fr\/wp-json\/wp\/v2\/pages"}],"about":[{"href":"https:\/\/a-listware.com\/fr\/wp-json\/wp\/v2\/types\/page"}],"author":[{"embeddable":true,"href":"https:\/\/a-listware.com\/fr\/wp-json\/wp\/v2\/users\/5"}],"replies":[{"embeddable":true,"href":"https:\/\/a-listware.com\/fr\/wp-json\/wp\/v2\/comments?post=390"}],"version-history":[{"count":3,"href":"https:\/\/a-listware.com\/fr\/wp-json\/wp\/v2\/pages\/390\/revisions"}],"predecessor-version":[{"id":603,"href":"https:\/\/a-listware.com\/fr\/wp-json\/wp\/v2\/pages\/390\/revisions\/603"}],"wp:attachment":[{"href":"https:\/\/a-listware.com\/fr\/wp-json\/wp\/v2\/media?parent=390"}],"curies":[{"name":"wp","href":"https:\/\/api.w.org\/{rel}","templated":true}]}}