{"id":390,"date":"2022-02-13T16:57:57","date_gmt":"2022-02-13T16:57:57","guid":{"rendered":"http:\/\/localhost\/a-listware\/?page_id=390"},"modified":"2022-05-24T20:46:00","modified_gmt":"2022-05-24T20:46:00","slug":"privacy-policy","status":"publish","type":"page","link":"https:\/\/a-listware.com\/de\/privacy-policy","title":{"rendered":"Datenschutzbestimmungen"},"content":{"rendered":"<h2>\u00dcber diese Politik<\/h2>\n<p>Diese Datenschutzerkl\u00e4rung beschreibt, wie die Firma A-listware mit Ihren pers\u00f6nlichen Daten umgeht.<br \/>\nWenn Sie Fragen haben oder den Zugang zu Ihren pers\u00f6nlichen Daten in unseren Unterlagen oder deren Berichtigung beantragen m\u00f6chten, k\u00f6nnen Sie sich an uns wenden: info@a-listware.com.<\/p>\n<p>Sie haben das Recht, sich bei den zust\u00e4ndigen Datenschutzbeh\u00f6rden zu beschweren, wenn Sie Bedenken hinsichtlich der Verarbeitung Ihrer personenbezogenen Daten haben.<\/p>\n<h2>Zweck der Erhebung personenbezogener Daten<\/h2>\n<p>Wir ben\u00f6tigen Ihre pers\u00f6nlichen Daten, um mit Ihnen in Kontakt zu treten und Ihnen gelegentlich Marketing-Korrespondenz zuzusenden, z. B. Newsletter, Whitepapers, Fallstudien \u00fcber unsere professionellen Dienstleistungen, wenn Sie daran interessiert sind. Dies k\u00f6nnen wir nur mit Ihrer Zustimmung tun.<\/p>\n<h2>Kategorien von personenbezogenen Daten<\/h2>\n<p>Die einzigen Kategorien personenbezogener Daten, die wir verarbeiten, sind Ihr Vor- und Nachname, Ihre gesch\u00e4ftliche oder pers\u00f6nliche E-Mail-Adresse, Ihre Telefonnummer, Ihre Skype-ID, Ihr Firmenname und Ihre Berufsbezeichnung.<\/p>\n<p>Wenn Sie sich auf eine offene Stelle bewerben oder dauerhaft \u00fcber unsere offenen Stellen informiert werden m\u00f6chten, bitten wir Sie um zus\u00e4tzliche personenbezogene Daten wie Ihren Lebenslauf (beruflicher Werdegang und Qualifikationen), Ihre Wohnanschrift und Ihr Geburtsdatum. Diese Informationen werden ben\u00f6tigt, um Ihre F\u00e4higkeiten zu bewerten und andere Rekrutierungsaktivit\u00e4ten durchzuf\u00fchren.<\/p>\n<p>Ihre Daten werden durch ein Informationssicherheitssystem gesch\u00fctzt.<\/p>\n<h2>Beschwerdemechanismen<\/h2>\n<p>Sie k\u00f6nnen dem Erhalt unserer Nachrichten widersprechen. Wenn Sie den Erhalt unserer Marketing- oder Rekrutierungsnachrichten ablehnen, k\u00f6nnen Sie sich von diesem Informationsdienst abmelden oder unser Unternehmen bitten, Ihre Daten aus unseren Systemen zu l\u00f6schen. Danach werden Sie keine weitere Korrespondenz von uns erhalten.<\/p>\n<p>Wenn Sie Ihre Einwilligung in die Verarbeitung personenbezogener Daten widerrufen m\u00f6chten, k\u00f6nnen Sie dies jederzeit tun, indem Sie eine E-Mail an info@a-listware.com schicken und Ihre Absicht mitteilen. Ihre personenbezogenen Daten werden dann gel\u00f6scht.<\/p>\n<p>Sie k\u00f6nnen von Ihrem Recht Gebrauch machen, die Verarbeitung einzuschr\u00e4nken, wenn Sie der Ansicht sind, dass Ihre personenbezogenen Daten unrichtig sind oder aufgrund des oben genannten berechtigten Interesses nicht verarbeitet werden k\u00f6nnen; wenn die Verarbeitung unrechtm\u00e4\u00dfig erfolgt oder die Daten f\u00fcr einen Rechtsanspruch aufbewahrt werden m\u00fcssen.<\/p>\n<p>Wenn Sie diese pers\u00f6nlichen Daten nicht angeben, k\u00f6nnen wir Ihnen die gew\u00fcnschten Informationen nicht zur Verf\u00fcgung stellen.<\/p>\n<p>Die Verarbeitung ist nicht mit einer automatisierten Entscheidungsfindung verbunden.<\/p>\n<p>Sie haben das Recht, Ihre Daten in einem portablen Format zu erhalten. Wenden Sie sich an info@a-listware.com, wenn Sie eine solche Absicht haben.<\/p>","protected":false},"excerpt":{"rendered":"<p>About this Policy This Privacy Policy describes how A-listware company handles your personal information. If you have any questions or would like to request access to or rectification of your personal data in our records, feel free to contact us at info@a-listware.com. You have the right to file a complaint regarding concerns about how your [&hellip;]<\/p>\n","protected":false},"author":5,"featured_media":0,"parent":0,"menu_order":0,"comment_status":"closed","ping_status":"closed","template":"","meta":{"footnotes":""},"class_list":["post-390","page","type-page","status-publish","hentry"],"acf":[],"_links":{"self":[{"href":"https:\/\/a-listware.com\/de\/wp-json\/wp\/v2\/pages\/390","targetHints":{"allow":["GET"]}}],"collection":[{"href":"https:\/\/a-listware.com\/de\/wp-json\/wp\/v2\/pages"}],"about":[{"href":"https:\/\/a-listware.com\/de\/wp-json\/wp\/v2\/types\/page"}],"author":[{"embeddable":true,"href":"https:\/\/a-listware.com\/de\/wp-json\/wp\/v2\/users\/5"}],"replies":[{"embeddable":true,"href":"https:\/\/a-listware.com\/de\/wp-json\/wp\/v2\/comments?post=390"}],"version-history":[{"count":3,"href":"https:\/\/a-listware.com\/de\/wp-json\/wp\/v2\/pages\/390\/revisions"}],"predecessor-version":[{"id":603,"href":"https:\/\/a-listware.com\/de\/wp-json\/wp\/v2\/pages\/390\/revisions\/603"}],"wp:attachment":[{"href":"https:\/\/a-listware.com\/de\/wp-json\/wp\/v2\/media?parent=390"}],"curies":[{"name":"wp","href":"https:\/\/api.w.org\/{rel}","templated":true}]}}